{"id":776,"date":"2018-07-02T18:36:02","date_gmt":"2018-07-02T21:36:02","guid":{"rendered":"https:\/\/isfd64-bue.infd.edu.ar\/sitio\/datos-institucionales\/"},"modified":"2024-12-31T13:00:16","modified_gmt":"2024-12-31T16:00:16","slug":"datos-institucionales","status":"publish","type":"page","link":"https:\/\/isfd64-bue.infd.edu.ar\/sitio\/datos-institucionales\/","title":{"rendered":"Datos Institucionales"},"content":{"rendered":"\n<style>\n    body {\n        margin: 0;\n        font-family: 'Roboto', sans-serif;\n        background-color: #f4f4f4;\n        color: #191e3b;\n    }\n\n    .info-card {\n        max-width: 600px;\n        margin: 2rem auto;\n        background-color: white;\n        border: 1px solid #191e3b;\n        border-radius: 8px;\n        box-shadow: 0 4px 6px rgba(0, 0, 0, 0.1);\n        padding: 1.5rem;\n        text-align: center;\n        transition: transform 0.2s, box-shadow 0.2s;\n    }\n\n    .info-card:hover {\n        transform: translateY(-5px);\n        box-shadow: 0 6px 10px rgba(0, 0, 0, 0.15);\n        border-color: #191e3b;\n    }\n\n    .info-card h1 {\n        color: #191e3b;\n        font-size: 1.8rem;\n        margin-bottom: 1rem;\n    }\n\n    .info-card h2 {\n        color: #191e3b;\n        font-size: 1.5rem;\n        margin-bottom: 1rem;\n    }\n\n    .info-card p {\n        font-size: 1rem;\n        margin: 0.5rem 0;\n    }\n\n    .info-card a {\n        color: #191e3b;\n        text-decoration: none;\n        font-weight: bold;\n    }\n\n    .info-card a:hover {\n        text-decoration: underline;\n    }\n<\/style>\n\n<div class=\"info-card\">\n    <h1>Instituto Superior de Formaci\u00f3n Docente<\/h1>\n    <h2>\u00abPaulo Freire\u00bb<\/h2>\n    <p><strong>Horarios de atenci\u00f3n:<\/strong> 17 a 22:00 hs.<\/p>\n    <p><strong>Direcci\u00f3n:<\/strong> La Rioja 125<\/p>\n    <p><strong>Tel\u00e9fonos:<\/strong> 02337-454496<\/p>\n    <p><strong>e-Mail:<\/strong> <a href=\"isfd64rivadavia@abc.gob.ar\" target=\"_blank\" rel=\"noopener\">isfd64rivadavia@abc.gob.ar<\/a><\/p>\n<\/div>\n\n","protected":false},"excerpt":{"rendered":"<p>Instituto Superior de Formaci\u00f3n Docente \u00abPaulo Freire\u00bb Horarios de atenci\u00f3n: 17 a 22:00 hs. Direcci\u00f3n: La Rioja 125 Tel\u00e9fonos: 02337-454496 e-Mail: isfd64rivadavia@abc.gob.ar<\/p>\n","protected":false},"author":225,"featured_media":0,"parent":0,"menu_order":0,"comment_status":"closed","ping_status":"closed","template":"","meta":[],"acf":[],"_links":{"self":[{"href":"https:\/\/isfd64-bue.infd.edu.ar\/sitio\/wp-json\/wp\/v2\/pages\/776"}],"collection":[{"href":"https:\/\/isfd64-bue.infd.edu.ar\/sitio\/wp-json\/wp\/v2\/pages"}],"about":[{"href":"https:\/\/isfd64-bue.infd.edu.ar\/sitio\/wp-json\/wp\/v2\/types\/page"}],"author":[{"embeddable":true,"href":"https:\/\/isfd64-bue.infd.edu.ar\/sitio\/wp-json\/wp\/v2\/users\/225"}],"replies":[{"embeddable":true,"href":"https:\/\/isfd64-bue.infd.edu.ar\/sitio\/wp-json\/wp\/v2\/comments?post=776"}],"version-history":[{"count":2,"href":"https:\/\/isfd64-bue.infd.edu.ar\/sitio\/wp-json\/wp\/v2\/pages\/776\/revisions"}],"predecessor-version":[{"id":2023,"href":"https:\/\/isfd64-bue.infd.edu.ar\/sitio\/wp-json\/wp\/v2\/pages\/776\/revisions\/2023"}],"wp:attachment":[{"href":"https:\/\/isfd64-bue.infd.edu.ar\/sitio\/wp-json\/wp\/v2\/media?parent=776"}],"curies":[{"name":"wp","href":"https:\/\/api.w.org\/{rel}","templated":true}]}}